{"id":123,"date":"2015-03-20T09:59:29","date_gmt":"2015-03-20T09:59:29","guid":{"rendered":"http:\/\/fundacionvaldessalas.es\/misadegaita\/?page_id=123"},"modified":"2015-04-01T14:20:33","modified_gmt":"2015-04-01T14:20:33","slug":"historia","status":"publish","type":"page","link":"https:\/\/fundacionvaldessalas.es\/misadegaita\/historia\/","title":{"rendered":"Historia"},"content":{"rendered":"<p>Fue creado en septiembre de 2013, en el seno del Aula Vald\u00e9s Salas de la Universidad de Oviedo y por iniciativa de la Fundaci\u00f3n Vald\u00e9s Salas. Su denominaci\u00f3n recuerda y homenajea a un gran cantor de la Misa de gaita, Juan Manuel Men\u00e9ndez, conocido como Lolo Cornellana (1950-2011). El Taller est\u00e1 concebido con una finalidad eminentemente pr\u00e1ctica. Se realizan sesiones peri\u00f3dicas de ensayos y ya se han cantado algunas misas, la primera en Cornellana el 9 de mayo del a\u00f1o en curso.<\/p>\n<div id=\"attachment_270\" style=\"width: 591px\" class=\"wp-caption aligncenter\"><a href=\"http:\/\/fundacionvaldessalas.es\/misadegaita\/wp-content\/uploads\/2015\/03\/12254901996_14241922df_z.jpg\"><img aria-describedby=\"caption-attachment-270\" loading=\"lazy\" class=\"wp-image-270\" src=\"http:\/\/fundacionvaldessalas.es\/misadegaita\/wp-content\/uploads\/2015\/03\/12254901996_14241922df_z.jpg\" alt=\"12254901996_14241922df_z\" width=\"581\" height=\"330\" \/><\/a><p id=\"caption-attachment-270\" class=\"wp-caption-text\">Primera sesi\u00f3n del Taller. Salas 14 y 15 de septiembre de 2013.<\/p><\/div>\n<p>Los cantores del Taller no constituyen en ning\u00fan caso un conjunto profesional. Esto no obra, naturalmente, para Mari Luz Crist\u00f3bal Caunedo, invitada del Taller desde su primera sesi\u00f3n, aut\u00e9ntica gran se\u00f1ora de la canci\u00f3n asturiana y cantante veterana de la Misa de gaita, que conoci\u00f3 de ni\u00f1a en tierras de Salas y grab\u00f3 con el Gaitero de Veri\u00f1a en 1998.<\/p>\n<p>Los principales objetivos de esta agrupaci\u00f3n son: servir dignamente a la liturgia, ampliar el n\u00famero de cantores de la Misa de gaita activos en nuestra regi\u00f3n y contribuir, en fin, a la revaluaci\u00f3n de la Misa de gaita con criterio musical y fundamento hist\u00f3rico.<\/p>\n","protected":false},"excerpt":{"rendered":"<p>Fue creado en septiembre de 2013, en el seno del Aula Vald\u00e9s Salas de la Universidad de Oviedo y por iniciativa de la Fundaci\u00f3n Vald\u00e9s Salas. Su denominaci\u00f3n recuerda y homenajea a un gran cantor de la Misa de gaita, Juan Manuel Men\u00e9ndez, conocido como Lolo Cornellana (1950-2011). El Taller est\u00e1 concebido con una finalidad [&hellip;]<\/p>\n","protected":false},"author":1,"featured_media":0,"parent":0,"menu_order":0,"comment_status":"closed","ping_status":"open","template":"","meta":[],"_links":{"self":[{"href":"https:\/\/fundacionvaldessalas.es\/misadegaita\/wp-json\/wp\/v2\/pages\/123"}],"collection":[{"href":"https:\/\/fundacionvaldessalas.es\/misadegaita\/wp-json\/wp\/v2\/pages"}],"about":[{"href":"https:\/\/fundacionvaldessalas.es\/misadegaita\/wp-json\/wp\/v2\/types\/page"}],"author":[{"embeddable":true,"href":"https:\/\/fundacionvaldessalas.es\/misadegaita\/wp-json\/wp\/v2\/users\/1"}],"replies":[{"embeddable":true,"href":"https:\/\/fundacionvaldessalas.es\/misadegaita\/wp-json\/wp\/v2\/comments?post=123"}],"version-history":[{"count":4,"href":"https:\/\/fundacionvaldessalas.es\/misadegaita\/wp-json\/wp\/v2\/pages\/123\/revisions"}],"predecessor-version":[{"id":273,"href":"https:\/\/fundacionvaldessalas.es\/misadegaita\/wp-json\/wp\/v2\/pages\/123\/revisions\/273"}],"wp:attachment":[{"href":"https:\/\/fundacionvaldessalas.es\/misadegaita\/wp-json\/wp\/v2\/media?parent=123"}],"curies":[{"name":"wp","href":"https:\/\/api.w.org\/{rel}","templated":true}]}}