{"id":134,"date":"2015-03-20T10:34:05","date_gmt":"2015-03-20T10:34:05","guid":{"rendered":"http:\/\/fundacionvaldessalas.es\/misadegaita\/?page_id=134"},"modified":"2023-01-16T09:23:27","modified_gmt":"2023-01-16T09:23:27","slug":"libros-y-documentos","status":"publish","type":"page","link":"https:\/\/fundacionvaldessalas.es\/misadegaita\/libros-y-documentos\/","title":{"rendered":"Libros y documentos"},"content":{"rendered":"<p><a href=\"http:\/\/fundacionvaldessalas.es\/misadegaita\/wp-content\/uploads\/2023\/01\/12-la-misa-de-gaita-hibridaciones-sacroasturianas.pdf\" target=\"_blank\" rel=\"noopener\">La misa de gaita. Hibridaciones sacroasturianas (Castellano)<\/a><\/p>\n<p><a href=\"http:\/\/fundacionvaldessalas.es\/misadegaita\/wp-content\/uploads\/2021\/11\/tres-misas-de-gaita-ast.pdf\" target=\"_blank\" rel=\"noopener\">Tres misas de gaita. Entre la tradici\u00f3n y la conservaci\u00f3n del patrimonio asturiano (Asturiano)<\/a><\/p>\n<p><a href=\"http:\/\/fundacionvaldessalas.es\/misadegaita\/wp-content\/uploads\/2017\/09\/diptico-valdedios-.pdf\">D\u00edptico Misa de gaita en Valdedi\u00f3s<\/a><\/p>\n<p><a href=\"http:\/\/fundacionvaldessalas.es\/misadegaita\/wp-content\/uploads\/2015\/03\/misa-de-san-juan.pdf\">Documento Misa de San Juan<\/a><\/p>\n<p><a href=\"http:\/\/fundacionvaldessalas.es\/misadegaita\/wp-content\/uploads\/2015\/03\/la-misa-de-gaita-dasturies--toya-solis.pdf\">Toya Sol\u00eds. La Misa de gaita d\u00b4Asturies<\/a><\/p>\n<p><a href=\"http:\/\/fundacionvaldessalas.es\/misadegaita\/wp-content\/uploads\/2015\/03\/Diptico-Misa-Pravia.pdf\">D\u00edptico Misa de Pravia<\/a><\/p>\n<p><a href=\"http:\/\/fundacionvaldessalas.es\/misadegaita\/wp-content\/uploads\/2016\/04\/Diptico-Misa-Barcena-copia-2.pdf\" rel=\"\">D\u00edptico Misa de B\u00e1rcena<\/a><\/p>\n<p><a href=\"http:\/\/fundacionvaldessalas.es\/misadegaita\/wp-content\/uploads\/2015\/03\/Misa-de-Gaita-Jeronimos.pdf\" target=\"_blank\" rel=\"noopener\">Documento Misa de los Jer\u00f3nimos<\/a><\/p>\n<p><a href=\"http:\/\/fundacionvaldessalas.es\/misadegaita\/wp-content\/uploads\/2015\/03\/Cartel-Misa-en-la-Catedral.pdf\">Cartel Misa en la Catedral<\/a><\/p>\n<p><a href=\"http:\/\/fundacionvaldessalas.es\/misadegaita\/wp-content\/uploads\/2015\/03\/Ceremonial-Misa-en-la-Catedral.pdf\">Ceremonial Misa en la Catedral<\/a><\/p>\n<p>&nbsp;<\/p>\n","protected":false},"excerpt":{"rendered":"<p>La misa de gaita. Hibridaciones sacroasturianas (Castellano) Tres misas de gaita. Entre la tradici\u00f3n y la conservaci\u00f3n del patrimonio asturiano (Asturiano) D\u00edptico Misa de gaita en Valdedi\u00f3s Documento Misa de San Juan Toya Sol\u00eds. La Misa de gaita d\u00b4Asturies D\u00edptico Misa de Pravia D\u00edptico Misa de B\u00e1rcena Documento Misa de los Jer\u00f3nimos Cartel Misa en [&hellip;]<\/p>\n","protected":false},"author":1,"featured_media":0,"parent":0,"menu_order":0,"comment_status":"closed","ping_status":"open","template":"","meta":[],"_links":{"self":[{"href":"https:\/\/fundacionvaldessalas.es\/misadegaita\/wp-json\/wp\/v2\/pages\/134"}],"collection":[{"href":"https:\/\/fundacionvaldessalas.es\/misadegaita\/wp-json\/wp\/v2\/pages"}],"about":[{"href":"https:\/\/fundacionvaldessalas.es\/misadegaita\/wp-json\/wp\/v2\/types\/page"}],"author":[{"embeddable":true,"href":"https:\/\/fundacionvaldessalas.es\/misadegaita\/wp-json\/wp\/v2\/users\/1"}],"replies":[{"embeddable":true,"href":"https:\/\/fundacionvaldessalas.es\/misadegaita\/wp-json\/wp\/v2\/comments?post=134"}],"version-history":[{"count":12,"href":"https:\/\/fundacionvaldessalas.es\/misadegaita\/wp-json\/wp\/v2\/pages\/134\/revisions"}],"predecessor-version":[{"id":1019,"href":"https:\/\/fundacionvaldessalas.es\/misadegaita\/wp-json\/wp\/v2\/pages\/134\/revisions\/1019"}],"wp:attachment":[{"href":"https:\/\/fundacionvaldessalas.es\/misadegaita\/wp-json\/wp\/v2\/media?parent=134"}],"curies":[{"name":"wp","href":"https:\/\/api.w.org\/{rel}","templated":true}]}}