{"id":161,"date":"2015-03-23T15:33:33","date_gmt":"2015-03-23T15:33:33","guid":{"rendered":"http:\/\/fundacionvaldessalas.es\/misadegaita\/?page_id=161"},"modified":"2015-03-23T15:39:02","modified_gmt":"2015-03-23T15:39:02","slug":"cantos-y-partes-instrumentales-de-la-misa","status":"publish","type":"page","link":"https:\/\/fundacionvaldessalas.es\/misadegaita\/cantos-y-partes-instrumentales-de-la-misa\/","title":{"rendered":"Cantos y partes instrumentales de la Misa"},"content":{"rendered":"<p>INTROITO [Apenas conservado en forma textual, suele sustituirse por un <em>entemediu<\/em>].<\/p>\n<p>GLORIA PATRI\u00a0 [Conservado s\u00f3lo en algunas zonas].<br \/>\n<strong>Gloria Patri, et Filio, et Spiritui Sancto. Sicut erat in principio, et nunc, et semper, et in saecula saeculorum. Amen.<\/strong><br \/>\n<em>Gloria al Padre, y al Hijo, y al Esp\u00edritu Santo. Como era en el principio, ahora y siempre, por los siglos de los siglos. Am\u00e9n.<\/em><\/p>\n<p>KYRIE<br \/>\n<strong>Kyrie, el\u00e9ison. Christe, el\u00e9ison. Kyrie, el\u00e9ison.<\/strong><br \/>\n<em>Se\u00f1or, ten piedad. Cristo, ten piedad. Se\u00f1or, ten piedad.<\/em><\/p>\n<p>GLORIA [Alternancia seg\u00fan la tradici\u00f3n de Salas].<br \/>\n<strong>[Oficiante] Gloria in exc\u00e9lsis Deo<br \/>\n[Coro] et in t\u00e9rra pax hom\u00ednibus bonae volunt\u00e1tis.<br \/>\nLaud\u00e1mus te, bened\u00edcimus te, ador\u00e1mus te, glorific\u00e1mus te,<br \/>\n[Solista] gr\u00e1tias \u00e1gimus tibi propter magnam gl\u00f3riam tuam,<br \/>\n[C] D\u00f3mine Deus, Rex cael\u00e9stis, Deus Pater omn\u00edpotens.<br \/>\n[S] D\u00f3mine Fili unig\u00e9nite, lesu Christe,<br \/>\n[C] D\u00f3mine Deus, Agnus Dei, F\u00edlius Patris,<br \/>\n[S] qui tollis pecc\u00e1ta mundi, miserere nobis;<br \/>\n[C] qui tollis pecc\u00e1ta mundi, s\u00fascipe deprecati\u00f3nem nostram.<br \/>\n[S] Qui sedes ad d\u00e9xteram Patris, miserere nobis.<br \/>\n[C] Qu\u00f3niam tu solus Sanctus, tu solus D\u00f3minus, tu solus Alt\u00edssimus, lesu Christe, cum Sancto Sp\u00edritu: in gloria Dei Patris. Amen.<\/strong><br \/>\n<em>Gloria a Dios en el cielo,<br \/>\ny en la tierra paz a los hombres que ama el Se\u00f1or.<br \/>\nPor tu inmensa gloria te alabamos, te bendecimos, te adoramos,te glorificamos, te damos gracias, Se\u00f1or Dios, Rey celestial, Dios Padre todopoderoso. Se\u00f1or, Hijo \u00fanico, Jesucristo.<br \/>\nSe\u00f1or Dios, Cordero de Dios, Hijo del Padre;<br \/>\nt\u00fa que quitas el pecado del mundo,ten piedad de nosotros;<br \/>\nt\u00fa que quitas el pecado del mundo,atiende nuestra s\u00faplica;<br \/>\nt\u00fa que est\u00e1s sentado a la derecha del Padre,ten piedad de nosotros;<br \/>\nporque s\u00f3lo t\u00fa eres Santo, s\u00f3lo t\u00fa Se\u00f1or, s\u00f3lo t\u00fa Alt\u00edsimo, Jesucristo, con el Esp\u00edritu Santo en la gloria de Dios Padre. Am\u00e9n.<\/em><\/p>\n<p>CREDO [Alternancia seg\u00fan la tradici\u00f3n solemne de Salas, no v\u00e1lida para el Credo corrido].<br \/>\n<strong>[Oficiante] Credo in unum Deum,<br \/>\n[Coro] Patrem omnipot\u00e9ntem, fact\u00f3rem caeli et terrae, visib\u00edlium \u00f3mnium et invisib\u00edlium.<br \/>\nEt in unum D\u00f3minum lesum Christum, F\u00edlium Dei unig\u00e9nitum, et ex Patre natum ante \u00f3mnia saecula.<br \/>\nDeum de Deo, lumen de l\u00famine, Deum verum de Deo vero, g\u00e9nitum, non factum, consubstanti\u00e1lem Patri: per quem \u00f3mnia fac\u00eda sunt.<br \/>\nQui propter nos h\u00f3mines et propter nostram sal\u00fatem desc\u00e9ndit de caelis.<br \/>\n[Solista] Et incarn\u00e1tus est de Sp\u00edritu Sancto ex Mar\u00eda V\u00edrgine, et homo factus est.<br \/>\n[Coro] Crucif\u00edxus \u00e9tiam pro nobis sub P\u00f3ntio Pil\u00e1to; passus et sep\u00faltus est, et resurr\u00e9xit t\u00e9rtia die, sec\u00fandum Script\u00faras,et asc\u00e9ndit in caelum, sedet ad d\u00e9xteram Patris.<br \/>\nEt \u00edterum vent\u00farus est cum gloria, iudic\u00e1re vivos et m\u00f3rtuos, cuius regni non erit fin\u00eds.<br \/>\nEt in Sp\u00edritum Sanctum, D\u00f3minum et vivific\u00e1ntem: qui ex Patre<br \/>\n[S] Fili\u00f3que proc\u00e9dit.<br \/>\n[C] Qui cum Patre et Filio simul ador\u00e1tur et conglorific\u00e1tur: qui loc\u00fatus est per proph\u00e9tas.<br \/>\nEt unam, sanctam, cath\u00f3licam et apost\u00f3licam Eccl\u00e9siam.<br \/>\nConf\u00edteor unum bapt\u00edsma in remissi\u00f3nem peccat\u00f3rum.<br \/>\nEt exsp\u00e9cto resurrecti\u00f3nem mortu\u00f3rum, et vitam vent\u00fari saeculi. Am\u00e9n.<\/strong><br \/>\n<em>Creo en un solo Dios,<br \/>\nPadre todopoderoso, Creador del cielo y de la tierra, de todo lo visible y lo invisible.<br \/>\nCreo en un solo Se\u00f1or, Jesucristo, Hijo \u00fanico de Dios, nacido del Padre antes de todos los siglos: Dios de Dios, Luz de Luz, Dios verdadero de Dios verdadero, engendrado, no creado, de la misma naturaleza del Padre, por quien todo fue hecho; que por nosotros, los hombres, y por nuestra salvaci\u00f3n baj\u00f3 del cielo y por obra del Esp\u00edritu Santo se encarn\u00f3 de Mar\u00eda, la Virgen, y se hizo hombre; y<br \/>\npor nuestra causa fue crucificado en tiempos de Poncio Pilato; padeci\u00f3 y fue sepultado, y resucit\u00f3 al tercer d\u00eda, seg\u00fan las Escrituras, y subi\u00f3 al cielo, y est\u00e1 sentado a la derecha del Padre; y de nuevo vendr\u00e1 con gloria para juzgar a vivos y muertos, y su reino no tendr\u00e1 fin.<br \/>\nCreo en el Esp\u00edritu Santo, Se\u00f1or y dador de vida, que procede del Padre y del Hijo, que con el Padre y el Hijo recibe una misma adoraci\u00f3n y gloria, y que habl\u00f3 por los profetas.<br \/>\nCreo en la Iglesia, que es una, santa, cat\u00f3lica y apost\u00f3lica.<br \/>\nConfieso que hay un solo bautismo para el perd\u00f3n de los pecados.<br \/>\nEspero la resurrecci\u00f3n de los muertos y la vida del mundo futuro. Am\u00e9n.<\/em><\/p>\n<p><em>ENTEMEDIU<\/em> PARA EL OFERTORIO<\/p>\n<p>SANCTUS<br \/>\n<strong>Sanctus, Sanctus, Sanctus D\u00f3minus Deus S\u00e1baoth.<br \/>\nPleni sunt caeli et terra gl\u00f3ria tua. Hosanna in exc\u00e9lsis.<br \/>\nBened\u00edctus qui venit in nomine D\u00f3mini. Hosanna in exc\u00e9lsis.<\/strong><br \/>\n<em>Santo, Santo, Santo es el Se\u00f1or, Dios del Universo.<br \/>\nLlenos est\u00e1n el cielo y la tierra de tu gloria. Hosanna en el cielo.<br \/>\nBendito el que viene en nombre del Se\u00f1or. Hosanna en el cielo.<\/em><\/p>\n<p><em>ENTEMEDIU<\/em> PARA LA CONSAGRACI\u00d3N: \u201cMARCHA REAL\u201d, m\u00e1s recientemente se toca en algunos lugares el HIMNO REGIONAL \u201cAsturias patria querida\u201d<\/p>\n<p>AGNUS DEI<br \/>\n<strong>Agnus Dei, qui tollis pecc\u00e1ta mundi: Miserere nobis.<br \/>\nAgnus Dei, qui tollis pecc\u00e1ta mundi: Miserere nobis.<br \/>\nAgnus Dei, qui tollis pecc\u00e1ta mundi: Dona nobis pacem.<\/strong><br \/>\n<em>Cordero de Dios, que quitas el pecado del mundo, ten piedad de<br \/>\nnosotros.<br \/>\nCordero de Dios, que quitas el pecado del mundo, ten piedad de nosotros.<br \/>\nCordero de Dios, que quitas el pecado del mundo, danos la paz.<\/em><\/p>\n<p>COMUNI\u00d3N: <em>ENTEMEDIU<\/em><\/p>\n<p>SALVE REGINA [Seg\u00fan zonas y circunstancias lit\u00fargicas].<\/p>\n<p>SALIDA: <em>ENTEMEDIU<\/em><\/p>\n","protected":false},"excerpt":{"rendered":"<p>INTROITO [Apenas conservado en forma textual, suele sustituirse por un entemediu]. GLORIA PATRI\u00a0 [Conservado s\u00f3lo en algunas zonas]. Gloria Patri, et Filio, et Spiritui Sancto. Sicut erat in principio, et nunc, et semper, et in saecula saeculorum. Amen. Gloria al Padre, y al Hijo, y al Esp\u00edritu Santo. Como era en el principio, ahora y [&hellip;]<\/p>\n","protected":false},"author":1,"featured_media":0,"parent":0,"menu_order":0,"comment_status":"closed","ping_status":"open","template":"misadegaita.php","meta":[],"_links":{"self":[{"href":"https:\/\/fundacionvaldessalas.es\/misadegaita\/wp-json\/wp\/v2\/pages\/161"}],"collection":[{"href":"https:\/\/fundacionvaldessalas.es\/misadegaita\/wp-json\/wp\/v2\/pages"}],"about":[{"href":"https:\/\/fundacionvaldessalas.es\/misadegaita\/wp-json\/wp\/v2\/types\/page"}],"author":[{"embeddable":true,"href":"https:\/\/fundacionvaldessalas.es\/misadegaita\/wp-json\/wp\/v2\/users\/1"}],"replies":[{"embeddable":true,"href":"https:\/\/fundacionvaldessalas.es\/misadegaita\/wp-json\/wp\/v2\/comments?post=161"}],"version-history":[{"count":3,"href":"https:\/\/fundacionvaldessalas.es\/misadegaita\/wp-json\/wp\/v2\/pages\/161\/revisions"}],"predecessor-version":[{"id":165,"href":"https:\/\/fundacionvaldessalas.es\/misadegaita\/wp-json\/wp\/v2\/pages\/161\/revisions\/165"}],"wp:attachment":[{"href":"https:\/\/fundacionvaldessalas.es\/misadegaita\/wp-json\/wp\/v2\/media?parent=161"}],"curies":[{"name":"wp","href":"https:\/\/api.w.org\/{rel}","templated":true}]}}