{"id":174,"date":"2015-03-23T15:50:23","date_gmt":"2015-03-23T15:50:23","guid":{"rendered":"http:\/\/fundacionvaldessalas.es\/misadegaita\/?page_id=174"},"modified":"2021-11-17T16:51:04","modified_gmt":"2021-11-17T16:51:04","slug":"bibliografia","status":"publish","type":"page","link":"https:\/\/fundacionvaldessalas.es\/misadegaita\/bibliografia\/","title":{"rendered":"Bibliograf\u00eda"},"content":{"rendered":"<p class=\"francesa\">Almeida Cuesta, Hilario: \u201cMisas populares en lat\u00edn cantadas y transmitidas por tradici\u00f3n oral en la provincia de Salamanca\u201d. Manzano, Miguel (ed): La misa solemne popular en lat\u00edn en la tradici\u00f3n salmantina. Salamanca, Diputaci\u00f3n de Salamanca-Centro de Cultura Tradicional \u201c\u00c1ngel Carril\u201d, 2008, pp. 21-53.<\/p>\n<p class=\"francesa\">Asociaci\u00f3n \u201cPola de Salas\u201d: Salas. Un siglo de im\u00e1genes. Presentaci\u00f3n: Celsa D\u00edaz. Salas, Ed. Asociaci\u00f3n \u201cPola de Salas\u201d, 2011, 230 p.<\/p>\n<p class=\"francesa\">Bal y Gay, Jes\u00fas: v\u00e9ase Mart\u00ednez Torner, Eduardo.<\/p>\n<p class=\"francesa\">Cantoral gregoriano popular para las funciones religiosas usuales. Barcelona, Ed. Balmes, 1958 (4\u00aa ed.), 503 p.<\/p>\n<p class=\"francesa\">Ca\u00f1averas, Fr. Francisco de: Manual procesional de la Provincia de S. Jos\u00e9 de Franciscos Descalzos de Castilla la Nueva adoptado y reimpreso por orden de la Apost\u00f3lica Provincia de San Gregorio Magno de Filipinas. Madrid, Aguado, 1862, 486 p.<\/p>\n<p class=\"francesa\">Cea Guti\u00e9rrez, Antonio: La canci\u00f3n en Llanes. Salamanca, s. e., 1978, 56 p.<\/p>\n<p class=\"francesa\">\u2013\u2013\u2013: \u201cRitual y memoria de la fiesta. La Misa de gaita en Llanes\u201d. Miguel Manzano (ed): La misa solemne popular en lat\u00edn en la tradici\u00f3n salmantina. Salamanca, Diputaci\u00f3n de Salamanca-Centro de Cultura Tradicional \u201c\u00c1ngel Carril\u201d, 2008, pp. 55-74.<\/p>\n<p class=\"francesa\">Cia\u00f1o, Carlos: Costumbres y tradiciones asturianas. Habana, Ed. Hermes, 1925, Cobas Pazos, V.: Esbozo de un estudio sobre la gaita gallega. Santiago de Compostela, Ed. Porto y C\u00eda, 1955, 320 p.<\/p>\n<p class=\"francesa\">C\u00f3rdova y O\u00f1a, Sixto: Cancionero popular de la provincia de Santander. Santander, Diputaci\u00f3n Provincial de Santander, 1980. 4 v., T. I, 378 p., T. II, 311 p., T. III, 440 p., T. IV, 444 p.<\/p>\n<p class=\"francesa\">D\u00edaz Pedregal, Francisco (imp.): Descripci\u00f3n breve de las fiestas que hizo la Ciudad de Oviedo, con los plausibles motivos del feliz Nacimiento de los Infantes Gemelos, Carlos y Felipe, y ajuste de la Paz con la Gran Breta\u00f1a. Oviedo, imprenta de Francisco D\u00edaz Pedregal, 1784, 68 p.<\/p>\n<p class=\"francesa\">Feijoo, Benito Jer\u00f3nimo: \u201cM\u00fasica de los templos\u201d, en Teatro cr\u00edtico universal. Madrid, Impresor Joaqu\u00edn Ibarra, 1778, discurso XIV, t. I.<\/p>\n<p class=\"francesa\">Fern\u00e1ndez de la Cuesta, Ismael: \u201cLa reforma del canto gregoriano en el entorno del motu proprio de P\u00edo X\u201d, AA. VV., Actas del simposio internacional San P\u00edo X y la M\u00fasica (1903-2003), Ed. Mariano Lambea. Revista de Musicolog\u00eda XXVII, I, 2004. pp. 43-76.<\/p>\n<p class=\"francesa\">Fern\u00e1ndez Garc\u00eda, Juan Alfonso: \u201cInstrumentos musicales en Asturias\u201d. En Javier Rodr\u00edguez Mu\u00f1oz (director): Los asturianos. Ra\u00edces culturales y sociales de una identidad. Oviedo, Ed. Prensa Asturiana. La Nueva Espa\u00f1a, 2005, pp. 687-700.<\/p>\n<p class=\"francesa\">Fern\u00e1ndez Garc\u00eda, Joaqu\u00edn: \u201cDos fiestes d\u00b4Escoyo (Ayer). Estudiu comparativu. Cultures. Revista asturiana de cultura, n\u00ba 15, Uvi\u00e9u\/Oviedo, 2007, pp. 99-124.<\/p>\n<p class=\"francesa\">Fessel, Pablo: \u201cEl un\u00edsono impreciso. Contribuci\u00f3n a una historia de la heterofon\u00eda\u201d. Acta Musicologica, LXXXII, 1\/2010, pp. 149-171.<\/p>\n<p class=\"francesa\">Garc\u00eda Rendueles, Enrique: \u201cLiturgia popular\u201d, discurso de ingreso en el Instituto de Estudios Asturianos (1949), Oviedo, IDEA, 1950, 80 p.<\/p>\n<p class=\"francesa\">Gomar\u00edn Guirado, Fernando: \u201cTestimonio del uso de la gaita en las monta\u00f1as de Santander\u201d. Revista de folklore, 21, 1982, pp. 81-85.<\/p>\n<p class=\"francesa\">Gonz\u00e1lez Abeledo, Jos\u00e9 Carlos: \u201cLa bonhom\u00eda de Juan Manuel Men\u00e9ndez Lolo\u201d. La Nueva Espa\u00f1a, 4-V- 2011.<\/p>\n<p class=\"francesa\">Gonz\u00e1lez Cobas, Modesto: De musicolog\u00eda asturiana. La canci\u00f3n tradicional. Oviedo, Instituto de Estudios Asturianos, 1975, 101 p.<\/p>\n<p class=\"francesa\">Gonz\u00e1lez-Quevedo, Roberto: \u201cLa fiesta asturiana\u201d. Cultures. Revista asturiana de cultura, n\u00ba 15, Uvi\u00e9u\/Oviedo, 2007, pp. 9-39.<\/p>\n<p class=\"francesa\">Guillou, Olivier: \u201cHistoire et sources du Kyriale Vatican\u201d [I]\u201d. \u00c9tudes gr\u00e9goriennes, XXXI, 2003, pp. 25- 76.<\/p>\n<p class=\"francesa\">\u2013\u2013\u2013: \u201cHistoire et sources du Kyriale Vatican. Les Gloria\u201d. \u00c9tudes gr\u00e9goriennes, XXXII, 2004, pp. 69-88.<\/p>\n<p class=\"francesa\">\u2013\u2013\u2013: \u201cHistoire et sources du Kyriale Vatican. Les Credo\u201d. \u00c9tudes gr\u00e9goriennes, XXXII, 2004, pp. 89-90.<\/p>\n<p class=\"francesa\">\u2013\u2013\u2013: \u201cHistoire et sources du Kyriale Vatican. Les Sanctus\u201d. \u00c9tudes gr\u00e9goriennes, XXXIV, 2006-2007, pp. 135-152.<\/p>\n<p class=\"francesa\">\u2013\u2013\u2013: \u201cHistoire et sources du Kyriale Vatican. Les Agnus Dei\u201d. \u00c9tudes gr\u00e9goriennes, XXXIV, 2006-2007, pp. 153-152.<\/p>\n<p class=\"francesa\">Graduale Triplex. Solesmes, Par\u00eds-Tournai, Ed. Descl\u00e9e, 1973, 918 p.<\/p>\n<p class=\"francesa\">Groba Gonz\u00e1lez, Xavier: O legado musical de Casto Sampedro (1848-1937): O canto galego de tradici\u00f3n oral. Tesis doctoral. Dir. Carlos Villanueva Abelairas. Departamento de Historia da Arte, Facultade de Xeograf\u00eda e Historia, Universidade de Santiago de Compostela (USC, 2011). Publicaci\u00f3n prevista en Santiago de Compostela, Ed. Servizo de Publicaci\u00f3ns, CD-Rom Teses de doutoramento, Humanidades.<\/p>\n<p class=\"francesa\">Hees, Jean-Pierre van: Cornemuses,un infini sonore. Spezet (France), Coop Breizh-Z A Keranguen, 416 p.<\/p>\n<p class=\"francesa\">Hughes, H. V.: \u201cNew light on the origin of Missa de Angelis\u201d. The Musical Times, 1-IX-1919, pp. 486- 487.<\/p>\n<p class=\"francesa\">Iglesias Rodr\u00edguez, Luis: Historia del concejo de Salas. Oviedo, Imp. Gr\u00e1ficas Lux, 1983, 98 p [y 6 l\u00e1minas]<\/p>\n<p class=\"francesa\">\u2013\u2013\u2013 \u201cLa misa de gaita en el concejo de Salas\u201d [I]. La Nueva Espa\u00f1a, 3-IX-1991, p. 56.<\/p>\n<p class=\"francesa\">\u2013\u2013\u2013: \u201cLa misa de gaita en el concejo de Salas (II)\u201d La Nueva Espa\u00f1a, 9-X-1991, p. 55.<\/p>\n<p class=\"francesa\">\u2013\u2013\u2013: \u201cLa misa de gaita en el concejo de Salas (y 3)\u201d La Nueva Espa\u00f1a, 13-II-1992, p. 70.<\/p>\n<p class=\"francesa\">Jeanneteau, Jean: Los modos gregorianos. Historia, an\u00e1lisis, est\u00e9tica. Silos, Abad\u00eda de Silos, 1985, 482 p.<\/p>\n<p class=\"francesa\">Lada Tu\u00f1\u00f3n, Concepci\u00f3n \/ Alonso Mejido, Gimeno: \u201cDelles fiestes nel Conceyu d\u00b4Ayer\u201d. Cultures. Revista asturiana de cultura, n\u00ba 15, Uvi\u00e9u\/Oviedo, 2007, pp. 4\u00ba-97.<\/p>\n<p class=\"francesa\">Liber Usualis. Tournai, Ed. Descl\u00e9e et Sociis, 1946, 2048 p.<\/p>\n<p class=\"francesa\">Lombard\u00eda, Lisardo: \u201cLa misa asturiana de gaita\u201d. Notas carpeta CD Misa asturiana de gaita. El Gaiteru de Veri\u00f1a (gaita), Mari Luz Crist\u00f3bal Caunedo (cantante) y Pedro Pangua (tambor). Oviedo, Fono Astur, 1998, FA.CD 8779. [s. p., 5 p.].<\/p>\n<p class=\"francesa\">Mallecina, Pepe [Pseud\u00f3nimo de Jos\u00e9 Santos]: \u201cLa Misa de gaita de Salas\u201d. Payella, n\u00ba 1, 1995, pp. 12- 13.<\/p>\n<p class=\"francesa\">Manzano, Miguel: \u201cEl contexto musical de la misa popular en lat\u00edn\u201d, en Miguel Manzano (ed): La misa solemne popular en lat\u00edn en la tradici\u00f3n salmantina. Salamanca, Diputaci\u00f3n de Salamanca- Centro de Cultura Tradicional \u201c\u00c1ngel Carril\u201d, 2008, pp. 157-239.<\/p>\n<p class=\"francesa\">\u2013\u2013\u2013: \u201cIte missa est\u201d. Miguel Manzano (ed): La misa solemne popular en lat\u00edn en la tradici\u00f3n salmantina. Salamanca, Diputaci\u00f3n de Salamanca-Centro de Cultura Tradicional \u201c\u00c1ngel Carril\u201d, 2008, [s. p.].<\/p>\n<p class=\"francesa\">Manzano, Miguel (ed): La misa solemne popular en lat\u00edn en la tradici\u00f3n salmantina. Salamanca, Diputaci\u00f3n de Salamanca-Centro de Cultura Tradicional \u201c\u00c1ngel Carril\u201d, 2008, 527 p.<\/p>\n<p class=\"francesa\">Mart\u00edn Mart\u00edn, Manuel: \u201cPresentaci\u00f3n\u201d. En Miguel Manzano (ed): La misa solemne popular en lat\u00edn en la tradici\u00f3n salmantina. Salamanca, Diputaci\u00f3n de Salamanca-Centro de Cultura Tradicional \u201c\u00c1ngel Carril\u201d, 2008, [s. p.].<\/p>\n<p class=\"francesa\">Mart\u00ednez Torner, Eduardo: Cancionero musical de la l\u00edrica popular asturiana. Oviedo, Instituto de Estudios Asturianos, 2\u00aa ed., 1971 (1\u00aa ed, 1920), [LXII], 278 p.<\/p>\n<p class=\"francesa\">Mart\u00ednez Torner, Eduardo \/ Bal y Gay, Jes\u00fas: Cancionero gallego. A Coru\u00f1a, Fundaci\u00f3n Pedro Barri\u00e9 de la Maza, 2007. Estudio cr\u00edtico de Carlos Villanueva, 81 p. Facs\u00edmil T. I, 363 p. Facs\u00edmil T.II, 174 p. Facs\u00edmil sobre la edici\u00f3n de 1973 de la Fundaci\u00f3n Pedro Barri\u00e9 de la Maza.<\/p>\n<p class=\"francesa\">Mart\u00ednez Vigil, Fray Ram\u00f3n: S\u00ednodo Diocesano de Oviedo. Oviedo, Librer\u00eda Religiosa del Palacio Episcopal, 1887, 395 p.<\/p>\n<p class=\"francesa\">\u2013\u2013\u2013\u2013\u201cLa m\u00fasica sagrada\u201d, 1\u00aa parte, Bolet\u00edn oficial eclesi\u00e1stico del Obispado de Oviedo, 15-V-1904, pp. 101-102.2\u00aa parte, 1-VI-1904.<\/p>\n<p class=\"francesa\">Mart\u00ednez Zamora, Eugenio: Los instrumentos musicales en la tradici\u00f3n asturiana. Oviedo, Imp. Artes Gr\u00e1ficas SEPRISA, 1989, 309 p.<\/p>\n<p class=\"francesa\">Mateo Manzanares, J. B.: Arte de canto llano y figurado para la ense\u00f1anza en el Seminario Conciliar de Tuy y de utilidad para las parroquias del Obispado. Madrid, Calcograf\u00eda de B. Eslava, 1862, 162 p.<\/p>\n<p class=\"francesa\">Medina, \u00c1ngel: \u201cGorigori, las met\u00e1foras del gregoriano fingido\u201d. Cuadernos de M\u00fasica Iberoamericana, 14, 2007, pp. 177-193.<\/p>\n<p class=\"francesa\">\u2013\u2013\u2013: \u201cLa m\u00fasica en el templo tras el motu propio de san P\u00edo X: una mirada desde los archivos de la Iglesia\u00bb, en M\u00fasica y archivos de la Iglesia. (Oviedo, Ed. Memoria Ecclesiae, XXXI, 2008, pp. 21-44.<\/p>\n<p class=\"francesa\">\u2013\u2013\u2013: \u201cLa romer\u00eda en el templo y otras licencias del canto gregoriano en el siglo XX\u201d. M\u00fasica Oral del Sur. Revista Internacional, n\u00ba 8, 2009, pp. 11-23.<\/p>\n<p class=\"francesa\">\u2013\u2013\u2013: \u201cLolo el de Cornellana, cantor de la misa de gaita\u201d. La Nueva Espa\u00f1a, 29-IV-2011.<\/p>\n<p class=\"francesa\">\u2014\u2014: La Misa de gaita. Hibridaciones sacroasturianas. Gij\u00f3n Fundaci\u00f3n Vald\u00e9s Salas \/ , Museo del Pueblo de Asturias, Serie Etnogr\u00e1fica, 12 , 2012, 246 p.<\/p>\n<p>&#8212;:\u00a0<em>Tres misas de gaita. Entre la tradici\u00f3n y la conservaci\u00f3n del patrimonio asturiano<\/em>. Gij\u00f3n, Fundaci\u00f3n Municipal de Cultura, Educaci\u00f3n y Universidad Popular del Ayuntamiento de Gij\u00f3n\/Xix\u00f3n \/ Fundaci\u00f3n Vald\u00e9s Salas, Colecci\u00f3n Ren\u00e9 de Coupaud, 01, 2019, 48 p.<br \/>\nDisponible en:\u00a0<a href=\"https:\/\/www.gijon.es\/es\/publicaciones\/tres-misas-de-gaita-entre-la-tradicion-y-la-conservacion-del-patrimonio-asturiano\" target=\"_blank\" rel=\"noopener\">https:\/\/www.gijon.es\/es\/publicaciones\/tres-misas-de-gaita-entre-la-tradicion-y-la-conservacion-del-patrimonio-asturiano<\/a><\/p>\n<p class=\"francesa\">Men\u00e9ndez Su\u00e1rez, Balbino: Ornamentaci\u00f3n na gaita asturiana. Oviedo, Ed. Ambitu, 2009, 280 p.<\/p>\n<p class=\"francesa\">Minden, Pieter: La tonada asturiana. Un acercamiento musicol\u00f3gico. Oviedo, Real Instituto de Estudios Asturianos, 2001, 218 p.<\/p>\n<p class=\"francesa\">Nagore, Mar\u00eda: \u201cHistoria de un fracaso: el \u2018Himno nacional\u2019 en la Espa\u00f1a del siglo XIX\u201d. Arbor. Ciencia, Pensamiento y cultura, Vol. 187, n\u00ba 751, 2011, pp. 827-845.<\/p>\n<p class=\"francesa\">Ota\u00f1o, Nemesio (ed): La m\u00fasica religiosa y la legislaci\u00f3n eclesi\u00e1stica. Barcelona, Ed. Musical. Emporium, 1912, 195 p.<\/p>\n<p class=\"francesa\">Otero Vega, Eugenio, Fonsu Fern\u00e1ndez Garc\u00eda y Gaus\u00f3n Fernande Gutierri: Cancioneru de la Gaita Asturiana. 2 vols. Gij\u00f3n, Museo del Pueblo de Asturias, 2012.<\/p>\n<p class=\"francesa\">Pico Orjais, Jos\u00e9 Lu\u00eds do \/ Rei Sanmartim, Isabel: Ayes de mi Pa\u00eds: O cancioneiro de Marcial Valladares. Baiona (Pontevedra), Ed. Dos Acordes S.L., 2010, 290 p.<\/p>\n<p class=\"francesa\">Puente Hevia, Fernando Manuel de la: \u201cTras las huellas del Asturias patria querida\u201d. Oviedo, Consejo de Comunidades Asturianas, 2006, 69 p.<\/p>\n<p class=\"francesa\">Prieto Gonz\u00e1lez, M\u00aa del Carmen: M\u00fasica de tradici\u00f3n oral en el concejo de Lena (Asturias). Gij\u00f3n, Fundaci\u00f3n Municipal de Cultura, Educaci\u00f3n y Universidad Popular, 2005. T. I, 349 p; T. II, 317 p.<\/p>\n<p class=\"francesa\">Quir\u00f3s, Manolo: El libro de la gaita. El E\u00bantrego, Asociaci\u00f3n Cultural Linares, 1993, 289 p.<\/p>\n<p class=\"francesa\">\u2013\u2013\u2013: 100 a\u00f1os de m\u00fasica popular. [B\u00e1rzana], Ed. Ayuntamiento de Quir\u00f3s, 1998, 35 p.<\/p>\n<p class=\"francesa\">Ramoneda, Ignacio: Arte de canto-llano en compendio breve. Madrid, Imprenta de Pedro Mar\u00edn, 1778, 187 p.<\/p>\n<p class=\"francesa\">Rojas y Montes, Diego de: v\u00e9ase Roxas y Montes, Diego de.<\/p>\n<p class=\"francesa\">Rojo, Casiano: v\u00e9ase Un Padre benedictino. Roxas y Montes, Diego de: Promptuario arm\u00f3nico y conferencias te\u00f3ricas y pr\u00e1cticas de canto-llano. C\u00f3rdoba, Antonio Serrano, impresor, 1760, 482 p. [S. a.]:<\/p>\n<p class=\"francesa\">\u201cAteneo Obrero. Sobre la canci\u00f3n asturiana en el Teatro de Jovellanos\u201d. El pueblo astur, 25-IV- 1915.<\/p>\n<p class=\"francesa\">Sampedro y Folgar, Casto: Cancionero musical de Galicia. A Coru\u00f1a, Fundaci\u00f3n Pedro Barri\u00e9 de la Maza, 2007. Coordinaci\u00f3n de Carlos Villanueva. Estudios de C. Villanueva et al., 205 p. Facs\u00edmil (estudio de Jos\u00e9 Filgeira Valverde), 238 p., facs\u00edmil (melod\u00edas), 205 p. Primera edici\u00f3n, 1942. Facs\u00edmil de la Fundaci\u00f3n Pedro Barri\u00e9 de la Maza, 1982.<\/p>\n<p class=\"francesa\">S\u00e1nchez Santianes, I\u00f1aki: 32 temas para el acompa\u00f1amiento a la tonada con gaita. Oviedo, CH Editorial, 2010, 79 p.<\/p>\n<p class=\"francesa\">Sancho, Agapito: Canto-llano modificado. Burgos, Imp. Sergio Villanueva, 1860, T. I, 191 p., T. II, 432 p.<\/p>\n<p class=\"francesa\">Santos, Manuel Jos\u00e9: v\u00e9ase Mallecina, Pepe.<\/p>\n<p class=\"francesa\">Sierra P\u00e9rez, Jos\u00e9: \u201c\u00bfEl canto mixto como fuente tem\u00e1tica de las misas populares en lat\u00edn?\u201d. Miguel Manzano (ed): La misa solemne popular en lat\u00edn en la tradici\u00f3n salmantina. Salamanca, Diputaci\u00f3n de Salamanca-Centro de Cultura Tradicional \u201c\u00c1ngel Carril\u201d, 2008, pp. 123-155.<\/p>\n<p class=\"francesa\">Soler y Fraile, Fernando: Canto llano y mixto. Zaragoza, Librer\u00eda y Encuadernaci\u00f3n de Salvador Mas, 1878, 598 p.<\/p>\n<p class=\"francesa\">Su\u00e1rez Fern\u00e1ndez, Xos\u00e9 Miguel: \u00a1Xa chegan os Quirotelvos! Gaiteiros, cuartetos y outros m\u00fasicos populares nel estremo occidental d\u00b4Asturias. Gij\u00f3n, Mus\u00e9u del Pueblu d\u00b4Asturies, Serie Etnogr\u00e1fica, 5, 2006, 216 p.<\/p>\n<p class=\"francesa\">Traver\u00eda, Daniel: El pr\u00e1ctico cantor en el Ministerio de la Iglesia. Madrid, Oficina de Garc\u00eda y Compa\u00f1\u00eda, 1804, 455 p.<\/p>\n<p class=\"francesa\">Un Padre benedictino [Casiano Rojo]: \u00bfQu\u00e9 es el canto gregoriano? Su naturaleza e historia. Barcelona, Gustavo Gili, ed., 1905, 155 p.<\/p>\n<p class=\"francesa\">Villalba Mu\u00f1oz, Luis: \u00daltimos m\u00fasicos espa\u00f1oles del siglo XIX. Madrid, Ildefonso Alier ed., 1914, 215 p.<\/p>\n<p class=\"francesa\">Villala\u00edn, Jos\u00e9: Topograf\u00eda m\u00e9dica del concejo de Corvera de Asturias. Madrid, Imprenta de la Ciudad Lineal, 1925, 142 p.<\/p>\n<p class=\"francesa\">Villala\u00edn y Fern\u00e1ndez, Jos\u00e9 de: Topograf\u00eda m\u00e9dica del concejo de Illas. Madrid, imprenta de la Ciudad Lineal, 1923, 108 p.<\/p>\n<p class=\"francesa\">VV.AA.: La gaita asturiana. Xornaes d\u00b4estudiu. Oviedo, Consejer\u00eda de Cultura, Mus\u00e9u del Pueblu d\u00b4Asturies, Serie Etnogr\u00e1fica, 4, Coord. ed. Fernando Ornosa, 2006, 223 p. Consultable en: http:\/\/www.redmeda.com\/biblioteca-digital<\/p>\n","protected":false},"excerpt":{"rendered":"<p>Almeida Cuesta, Hilario: \u201cMisas populares en lat\u00edn cantadas y transmitidas por tradici\u00f3n oral en la provincia de Salamanca\u201d. Manzano, Miguel (ed): La misa solemne popular en lat\u00edn en la tradici\u00f3n salmantina. Salamanca, Diputaci\u00f3n de Salamanca-Centro de Cultura Tradicional \u201c\u00c1ngel Carril\u201d, 2008, pp. 21-53. Asociaci\u00f3n \u201cPola de Salas\u201d: Salas. Un siglo de im\u00e1genes. Presentaci\u00f3n: Celsa D\u00edaz. [&hellip;]<\/p>\n","protected":false},"author":1,"featured_media":0,"parent":0,"menu_order":0,"comment_status":"closed","ping_status":"open","template":"","meta":[],"_links":{"self":[{"href":"https:\/\/fundacionvaldessalas.es\/misadegaita\/wp-json\/wp\/v2\/pages\/174"}],"collection":[{"href":"https:\/\/fundacionvaldessalas.es\/misadegaita\/wp-json\/wp\/v2\/pages"}],"about":[{"href":"https:\/\/fundacionvaldessalas.es\/misadegaita\/wp-json\/wp\/v2\/types\/page"}],"author":[{"embeddable":true,"href":"https:\/\/fundacionvaldessalas.es\/misadegaita\/wp-json\/wp\/v2\/users\/1"}],"replies":[{"embeddable":true,"href":"https:\/\/fundacionvaldessalas.es\/misadegaita\/wp-json\/wp\/v2\/comments?post=174"}],"version-history":[{"count":6,"href":"https:\/\/fundacionvaldessalas.es\/misadegaita\/wp-json\/wp\/v2\/pages\/174\/revisions"}],"predecessor-version":[{"id":834,"href":"https:\/\/fundacionvaldessalas.es\/misadegaita\/wp-json\/wp\/v2\/pages\/174\/revisions\/834"}],"wp:attachment":[{"href":"https:\/\/fundacionvaldessalas.es\/misadegaita\/wp-json\/wp\/v2\/media?parent=174"}],"curies":[{"name":"wp","href":"https:\/\/api.w.org\/{rel}","templated":true}]}}