{"id":180,"date":"2015-03-23T16:06:03","date_gmt":"2015-03-23T16:06:03","guid":{"rendered":"http:\/\/fundacionvaldessalas.es\/misadegaita\/?page_id=180"},"modified":"2021-11-17T16:53:45","modified_gmt":"2021-11-17T16:53:45","slug":"discografia","status":"publish","type":"page","link":"https:\/\/fundacionvaldessalas.es\/misadegaita\/discografia\/","title":{"rendered":"Discograf\u00eda"},"content":{"rendered":"<h2>Registros sonoros<\/h2>\n<p class=\"francesa\">Misa asturiana de gaita y otras canciones religiosas de Llanes. (LP). Cuarteto Cea. Dial Discos, serie Nevada (ND-012), 1978.<\/p>\n<p class=\"francesa\">Misa asturiana de gaita. El Gaiteru de Veri\u00f1a (gaita), Mari Luz Crist\u00f3bal Caunedo (cantante) y Pedro Pangua (tambor). Notas de Lisardo Lombard\u00eda. Oviedo, Fono Astur, 1998, FA.CD 8779.<\/p>\n<p class=\"francesa\">M\u00fasica tradicional en conceyu Llena. Archivu tradici\u00f3n oral d\u00b4Amb\u00e1s, 2007.<\/p>\n<p class=\"francesa\">M\u00fasica tradicional en conceyu Llena. Archivu tradici\u00f3n oral d\u00b4Amb\u00e1s, 2, 2010.<\/p>\n<p class=\"francesa\">Misas asturianas de gaita. Una selecci\u00f3n en el CD incluido en el libro La Misa de gaita. Hibridaciones sacroasturianas.<\/p>\n<p class=\"francesa\">Joaqu\u00edn Pix\u00e1n y Jos\u00e9 \u00c1ngel Hevia: Misa de gaita y tonadas asturianas. CD distribuido por el diario La Nueva Espa\u00f1a el D\u00eda de Asturias, 8-IX-2013.<\/p>\n<p class=\"francesa\">Joaqu\u00edn Pix\u00e1n y J. A. Hevia, Misa de gaita y tonadas asturianas. Disco-libro. \u00c1ngel Medina, textos en castellano, asturiano e ingl\u00e9s. Madrid, Andante Producciones, 2013, 72 p.<\/p>\n<p>Taller Lolo Cornellana (dir. Joaqu\u00edn Valde\u00f3n), Mari Luz Crist\u00f3bal Caunedo y Pepe&#8217;l Mol\u00edn. <em>Tres misas de gaita. Entre la tradici\u00f3n y la conservaci\u00f3n del patrimonio asturiano<\/em>. Disco-libro. \u00c1ngel Medina, textos en castellano.\u00a0Gij\u00f3n, Fundaci\u00f3n Municipal de Cultura, Educaci\u00f3n y Universidad Popular del Ayuntamiento de Gij\u00f3n\/Xix\u00f3n \/ Fundaci\u00f3n Vald\u00e9s Salas, Colecci\u00f3n Ren\u00e9 de Coupaud, 01, 2019, 48 p.<br \/>\nDisponible en:\u00a0<a href=\"https:\/\/www.gijon.es\/es\/publicaciones\/tres-misas-de-gaita-entre-la-tradicion-y-la-conservacion-del-patrimonio-asturiano\">https:\/\/www.gijon.es\/es\/publicaciones\/tres-misas-de-gaita-entre-la-tradicion-y-la-conservacion-del-patrimonio-asturiano<\/a><\/p>\n<h2>Grabaciones TV<\/h2>\n<p class=\"francesa\">[Misa asturiana de gaita*]. Cantoras: Maruja y Consuelo (Llamas, Aller). Gaitero del Kyrie: Llori\u00e1n. En Cam\u00edn de cantares, programa de la Televisi\u00f3n P\u00fablica Asturiana (TPA), emitido el 15 de mayo de 2010. Serie creada y dirigida por Ram\u00f3n Lluis Bande y conducida por Xos\u00e9 Ant\u00f3n Fern\u00e1ndez, \u201cAmb\u00e1s\u201d.<\/p>\n<p class=\"francesa\">Misa cantada con acompa\u00f1amiento de gaita en la memoria de San Josafat. Catedral de Oviedo, presidida por el Sr. Arzobispo, 12-XI-2013. J. Pix\u00e1n, hermanos Tejedor, Coro de Cangas. Grabada y posteriormente emitida por la TPA.<\/p>\n<p class=\"francesa\">Misa de gaita en la Bas\u00edlica de Covadonga, presidida por el S.- Abad. Taller Lolo Cornellana, Mari Luz Crist\u00f3bal (solista), Llori\u00e1n G. Fl\u00f3rez y Xaime Men\u00e9ndez (gaiteros), dirigidos por Joaqu\u00edn Valde\u00f3n, 20-VI-2013. Grabada y posteriormente emitida por la TPA.<\/p>\n","protected":false},"excerpt":{"rendered":"<p>Registros sonoros Misa asturiana de gaita y otras canciones religiosas de Llanes. (LP). Cuarteto Cea. Dial Discos, serie Nevada (ND-012), 1978. Misa asturiana de gaita. El Gaiteru de Veri\u00f1a (gaita), Mari Luz Crist\u00f3bal Caunedo (cantante) y Pedro Pangua (tambor). Notas de Lisardo Lombard\u00eda. Oviedo, Fono Astur, 1998, FA.CD 8779. M\u00fasica tradicional en conceyu Llena. Archivu [&hellip;]<\/p>\n","protected":false},"author":1,"featured_media":0,"parent":0,"menu_order":0,"comment_status":"closed","ping_status":"open","template":"","meta":[],"_links":{"self":[{"href":"https:\/\/fundacionvaldessalas.es\/misadegaita\/wp-json\/wp\/v2\/pages\/180"}],"collection":[{"href":"https:\/\/fundacionvaldessalas.es\/misadegaita\/wp-json\/wp\/v2\/pages"}],"about":[{"href":"https:\/\/fundacionvaldessalas.es\/misadegaita\/wp-json\/wp\/v2\/types\/page"}],"author":[{"embeddable":true,"href":"https:\/\/fundacionvaldessalas.es\/misadegaita\/wp-json\/wp\/v2\/users\/1"}],"replies":[{"embeddable":true,"href":"https:\/\/fundacionvaldessalas.es\/misadegaita\/wp-json\/wp\/v2\/comments?post=180"}],"version-history":[{"count":3,"href":"https:\/\/fundacionvaldessalas.es\/misadegaita\/wp-json\/wp\/v2\/pages\/180\/revisions"}],"predecessor-version":[{"id":836,"href":"https:\/\/fundacionvaldessalas.es\/misadegaita\/wp-json\/wp\/v2\/pages\/180\/revisions\/836"}],"wp:attachment":[{"href":"https:\/\/fundacionvaldessalas.es\/misadegaita\/wp-json\/wp\/v2\/media?parent=180"}],"curies":[{"name":"wp","href":"https:\/\/api.w.org\/{rel}","templated":true}]}}