{"id":194,"date":"2015-03-28T09:50:01","date_gmt":"2015-03-28T09:50:01","guid":{"rendered":"http:\/\/fundacionvaldessalas.es\/misadegaita\/?page_id=194"},"modified":"2016-03-12T10:51:19","modified_gmt":"2016-03-12T10:51:19","slug":"interpretes","status":"publish","type":"page","link":"https:\/\/fundacionvaldessalas.es\/misadegaita\/interpretes\/","title":{"rendered":"Int\u00e9rpretes"},"content":{"rendered":"<h2>C<\/h2>\n<p><a href=\"http:\/\/fundacionvaldessalas.es\/misadegaita\/?p=459\">Crist\u00f3bal Caunedo, Mari Luz<\/a><\/p>\n<h2>P<\/h2>\n<p><a href=\"http:\/\/fundacionvaldessalas.es\/misadegaita\/?p=468\">Pepe&#8217;l Mol\u00edn<\/a><\/p>\n<h2>R<\/h2>\n<p>Rodr\u00edguez Garc\u00eda, Jos\u00e9 Luis (v\u00e9ase <a href=\"http:\/\/fundacionvaldessalas.es\/misadegaita\/?p=468\">Pepe&#8217;l Mol\u00edn<\/a>)<\/p>\n","protected":false},"excerpt":{"rendered":"<p>C Crist\u00f3bal Caunedo, Mari Luz P Pepe&#8217;l Mol\u00edn R Rodr\u00edguez Garc\u00eda, Jos\u00e9 Luis (v\u00e9ase Pepe&#8217;l Mol\u00edn)<\/p>\n","protected":false},"author":1,"featured_media":0,"parent":0,"menu_order":0,"comment_status":"closed","ping_status":"open","template":"","meta":[],"_links":{"self":[{"href":"https:\/\/fundacionvaldessalas.es\/misadegaita\/wp-json\/wp\/v2\/pages\/194"}],"collection":[{"href":"https:\/\/fundacionvaldessalas.es\/misadegaita\/wp-json\/wp\/v2\/pages"}],"about":[{"href":"https:\/\/fundacionvaldessalas.es\/misadegaita\/wp-json\/wp\/v2\/types\/page"}],"author":[{"embeddable":true,"href":"https:\/\/fundacionvaldessalas.es\/misadegaita\/wp-json\/wp\/v2\/users\/1"}],"replies":[{"embeddable":true,"href":"https:\/\/fundacionvaldessalas.es\/misadegaita\/wp-json\/wp\/v2\/comments?post=194"}],"version-history":[{"count":4,"href":"https:\/\/fundacionvaldessalas.es\/misadegaita\/wp-json\/wp\/v2\/pages\/194\/revisions"}],"predecessor-version":[{"id":475,"href":"https:\/\/fundacionvaldessalas.es\/misadegaita\/wp-json\/wp\/v2\/pages\/194\/revisions\/475"}],"wp:attachment":[{"href":"https:\/\/fundacionvaldessalas.es\/misadegaita\/wp-json\/wp\/v2\/media?parent=194"}],"curies":[{"name":"wp","href":"https:\/\/api.w.org\/{rel}","templated":true}]}}