{"id":196,"date":"2015-03-28T09:57:54","date_gmt":"2015-03-28T09:57:54","guid":{"rendered":"http:\/\/fundacionvaldessalas.es\/misadegaita\/?page_id=196"},"modified":"2015-03-28T09:57:54","modified_gmt":"2015-03-28T09:57:54","slug":"pasos-legales","status":"publish","type":"page","link":"https:\/\/fundacionvaldessalas.es\/misadegaita\/pasos-legales\/","title":{"rendered":"Pasos legales"},"content":{"rendered":"<p>1. Expediente cpca 262\/13<\/p>\n<p>2. Incoaci\u00f3n del expediente<\/p>\n<ul>\n<li>A) Fecha de incoaci\u00f3n: 26 de junio de 2013<\/li>\n<li>B) Fecha de notificaci\u00f3n de la incoaci\u00f3n: 28 de junio de 2013<\/li>\n<li>C) Fecha de publicaci\u00f3n:\n<ul>\n<li><a href=\"http:\/\/fundacionvaldessalas.es\/misadegaita\/wp-content\/uploads\/2015\/03\/2013-07-05--BOPA-155.pdf\">BOPA: 5 de julio de 2013<\/a><\/li>\n<li><a href=\"http:\/\/fundacionvaldessalas.es\/misadegaita\/wp-content\/uploads\/2015\/03\/2013-08-29-BOE-A-2013-9193.pdf\">BOE: 29 de agosto de 2013<\/a><\/li>\n<\/ul>\n<\/li>\n<li>D) Fecha de comunicaci\u00f3n al Registro General de Bienes de Inter\u00e9s Cultural: 28 de junio de 2013<\/li>\n<\/ul>\n<p>3. Instrucci\u00f3n<\/p>\n<ul>\n<li>A) Instituciones que han emitido informe favorable: Real Instituto de estudios asturianos, Real Academia de la Historia<\/li>\n<li>B) Per\u00edodo de informaci\u00f3n p\u00fablica y duraci\u00f3n del mismo: abierto mediante anuncio publicado en el Bolet\u00edn Oficial Del Principado de Asturias del 27 de febrero de 2014. Duraci\u00f3n de 20 d\u00edas h\u00e1biles.<\/li>\n<li>C) Acuerdo favorable a la declaraci\u00f3n del Pleno del Consejo de Patrimonio Cultural de Asturias, en su reuni\u00f3n del 13 de mayo de 2014.<\/li>\n<li>Publicaci\u00f3n: <a href=\"http:\/\/fundacionvaldessalas.es\/misadegaita\/wp-content\/uploads\/2015\/03\/2014-07-11-Misa-BOPA-julio-2014.pdf\">BOPA: 11 de julio de 2014<\/a><\/li>\n<\/ul>\n","protected":false},"excerpt":{"rendered":"<p>1. Expediente cpca 262\/13 2. Incoaci\u00f3n del expediente A) Fecha de incoaci\u00f3n: 26 de junio de 2013 B) Fecha de notificaci\u00f3n de la incoaci\u00f3n: 28 de junio de 2013 C) Fecha de publicaci\u00f3n: BOPA: 5 de julio de 2013 BOE: 29 de agosto de 2013 D) Fecha de comunicaci\u00f3n al Registro General de Bienes de [&hellip;]<\/p>\n","protected":false},"author":1,"featured_media":0,"parent":0,"menu_order":0,"comment_status":"closed","ping_status":"open","template":"","meta":[],"_links":{"self":[{"href":"https:\/\/fundacionvaldessalas.es\/misadegaita\/wp-json\/wp\/v2\/pages\/196"}],"collection":[{"href":"https:\/\/fundacionvaldessalas.es\/misadegaita\/wp-json\/wp\/v2\/pages"}],"about":[{"href":"https:\/\/fundacionvaldessalas.es\/misadegaita\/wp-json\/wp\/v2\/types\/page"}],"author":[{"embeddable":true,"href":"https:\/\/fundacionvaldessalas.es\/misadegaita\/wp-json\/wp\/v2\/users\/1"}],"replies":[{"embeddable":true,"href":"https:\/\/fundacionvaldessalas.es\/misadegaita\/wp-json\/wp\/v2\/comments?post=196"}],"version-history":[{"count":1,"href":"https:\/\/fundacionvaldessalas.es\/misadegaita\/wp-json\/wp\/v2\/pages\/196\/revisions"}],"predecessor-version":[{"id":200,"href":"https:\/\/fundacionvaldessalas.es\/misadegaita\/wp-json\/wp\/v2\/pages\/196\/revisions\/200"}],"wp:attachment":[{"href":"https:\/\/fundacionvaldessalas.es\/misadegaita\/wp-json\/wp\/v2\/media?parent=196"}],"curies":[{"name":"wp","href":"https:\/\/api.w.org\/{rel}","templated":true}]}}