{"id":213,"date":"2015-03-29T13:58:57","date_gmt":"2015-03-29T13:58:57","guid":{"rendered":"http:\/\/fundacionvaldessalas.es\/misadegaita\/?page_id=213"},"modified":"2021-11-17T17:00:03","modified_gmt":"2021-11-17T17:00:03","slug":"registros-audiovisuales","status":"publish","type":"page","link":"https:\/\/fundacionvaldessalas.es\/misadegaita\/registros-audiovisuales\/","title":{"rendered":"Registros audiovisuales"},"content":{"rendered":"<h2>Enlaces<\/h2>\n<p><a href=\"https:\/\/www.youtube.com\/watch?v=EHt1aIlq5Rk\" target=\"_blank\" rel=\"noopener\"><strong>Ministerio de Cultura y Deporte. Serie \u00abManifestaciones sonoras, m\u00fasica y danza tradicional\u00bb<\/strong><\/a><\/p>\n<p><a href=\"https:\/\/www.rtve.es\/play\/audios\/la-riproposta\/bal-folk-misa-asturiana-gaita-16-01-21\/5763508\/\" target=\"_blank\" rel=\"noopener\"><strong>La Riproposta (Rne Cl\u00e1sica) &#8211; \u00abEl bal folk y la misa asturiana de gaita\u00bb<\/strong><\/a><\/p>\n<p><a href=\"https:\/\/www.rtpa.es\/noticias-sociedad:El-Centro-de-Cultura-Antiguo-Instituto-acoge-la-Feria-Internacional-de-Musica-Antigua_111635610092.html\" target=\"_blank\" rel=\"noopener\"><strong>TPA &#8211; El Centro de Cultura Antiguo Instituto acoge la Feria Internacional de M\u00fasica Antigua<\/strong><\/a><\/p>\n<p><a href=\"http:\/\/www.rtpa.es\/video:Especiales_1410250512.html\" target=\"_blank\" rel=\"noopener\"><strong>Misa de gaita en Covadonga (Grabaci\u00f3n de la TPA)<\/strong><\/a><\/p>\n<p><a href=\"https:\/\/www.youtube.com\/watch?v=tcQmyQtisVI\" target=\"_blank\" rel=\"noopener\"><strong>Misa de gaita en la Catedral (Grabaci\u00f3n de la TPA)<\/strong><\/a><\/p>\n<h2><\/h2>\n<h2>Archivos<\/h2>\n<p><strong>Misa de gaita (Salas, 1980)<\/strong><br \/>\n<iframe width=\"100%\" height=\"150\" scrolling=\"no\" frameborder=\"no\" src=\"https:\/\/w.soundcloud.com\/player?url=https%3A%2F%2Fapi.soundcloud.com%2Ftracks%2F204836597&visual=true&auto_play=false&hide_related=false&show_comments=true&show_user=true&show_reposts=false\"><\/iframe><br \/>\n<strong>Cantores:<\/strong> D. Ram\u00f3n, Manolo el Ferreiro<br \/>\n<strong>Gaitero:<\/strong> Leonardo de Ablaneda<br \/>\n<strong>Contenido:<\/strong><\/p>\n<ul>\n<li>Kyrie,<\/li>\n<li>Gloria,<\/li>\n<li>Entemediu,<\/li>\n<li>Sanctus-Benedictus<\/li>\n<li>Agnus Dei<\/li>\n<li>Alabado sea el Sant\u00edsimo<\/li>\n<li>Deo gratias<\/li>\n<\/ul>\n<p><strong>Notas:<\/strong> Hay informaci\u00f3n sobre los cantores en el libro de \u00c1ngel Medina: <em>La Misa de gaita. Hibridaciones sacroasturianas<\/em>.<br \/>\nEs un dato muy singular constatar que se cantaba el \u201dDeo gratias\u201d al final de la misa. El canto del \u201cAlabado\u201d es muy popular para la comuni\u00f3n en esta zona.<\/p>\n<hr \/>\n<p><strong>Misa de gaita en Borreras<\/strong> (Salas), 8 de septiembre de 2011. Cantores: Lolo Cornellana y Pepe&#8217;l Mol\u00edn. Gaita: B\u00e1rbara Men\u00e9ndez.<br \/>\nPrimera parte: Kyrie, Gloria, Sanctus.<br \/>\n<iframe width=\"100%\" height=\"150\" scrolling=\"no\" frameborder=\"no\" src=\"https:\/\/w.soundcloud.com\/player?url=https%3A%2F%2Fapi.soundcloud.com%2Ftracks%2F198758192&visual=true&auto_play=false&hide_related=false&show_comments=true&show_user=true&show_reposts=false\"><\/iframe><\/p>\n<hr \/>\n<p>Segunda parte: Benedictus, Agnus Dei, con Entemedios.<br \/>\n<iframe width=\"100%\" height=\"150\" scrolling=\"no\" frameborder=\"no\" src=\"https:\/\/w.soundcloud.com\/player?url=https%3A%2F%2Fapi.soundcloud.com%2Ftracks%2F198758193&visual=true&auto_play=false&hide_related=false&show_comments=true&show_user=true&show_reposts=false\"><\/iframe><\/p>\n","protected":false},"excerpt":{"rendered":"<p>Enlaces Ministerio de Cultura y Deporte. Serie \u00abManifestaciones sonoras, m\u00fasica y danza tradicional\u00bb La Riproposta (Rne Cl\u00e1sica) &#8211; \u00abEl bal folk y la misa asturiana de gaita\u00bb TPA &#8211; El Centro de Cultura Antiguo Instituto acoge la Feria Internacional de M\u00fasica Antigua Misa de gaita en Covadonga (Grabaci\u00f3n de la TPA) Misa de gaita en [&hellip;]<\/p>\n","protected":false},"author":1,"featured_media":0,"parent":0,"menu_order":0,"comment_status":"closed","ping_status":"open","template":"","meta":[],"_links":{"self":[{"href":"https:\/\/fundacionvaldessalas.es\/misadegaita\/wp-json\/wp\/v2\/pages\/213"}],"collection":[{"href":"https:\/\/fundacionvaldessalas.es\/misadegaita\/wp-json\/wp\/v2\/pages"}],"about":[{"href":"https:\/\/fundacionvaldessalas.es\/misadegaita\/wp-json\/wp\/v2\/types\/page"}],"author":[{"embeddable":true,"href":"https:\/\/fundacionvaldessalas.es\/misadegaita\/wp-json\/wp\/v2\/users\/1"}],"replies":[{"embeddable":true,"href":"https:\/\/fundacionvaldessalas.es\/misadegaita\/wp-json\/wp\/v2\/comments?post=213"}],"version-history":[{"count":38,"href":"https:\/\/fundacionvaldessalas.es\/misadegaita\/wp-json\/wp\/v2\/pages\/213\/revisions"}],"predecessor-version":[{"id":837,"href":"https:\/\/fundacionvaldessalas.es\/misadegaita\/wp-json\/wp\/v2\/pages\/213\/revisions\/837"}],"wp:attachment":[{"href":"https:\/\/fundacionvaldessalas.es\/misadegaita\/wp-json\/wp\/v2\/media?parent=213"}],"curies":[{"name":"wp","href":"https:\/\/api.w.org\/{rel}","templated":true}]}}