{"id":859,"date":"2022-04-05T07:24:57","date_gmt":"2022-04-05T07:24:57","guid":{"rendered":"http:\/\/fundacionvaldessalas.es\/misadegaita\/?page_id=859"},"modified":"2022-05-10T08:35:35","modified_gmt":"2022-05-10T08:35:35","slug":"inicio","status":"publish","type":"page","link":"https:\/\/fundacionvaldessalas.es\/misadegaita\/","title":{"rendered":"Inicio"},"content":{"rendered":"<h1 class=\"post-title\">\u00bfQu\u00e9 es?<\/h1>\n<p><img loading=\"lazy\" class=\"alignleft wp-image-814 size-medium\" src=\"http:\/\/fundacionvaldessalas.es\/misadegaita\/wp-content\/uploads\/2021\/11\/la-misa-de-gaita-en-el-xxii-festival-de-musica-antigua-de-gijon-12-300x200.jpg\" alt=\"\" width=\"300\" height=\"200\" srcset=\"https:\/\/fundacionvaldessalas.es\/misadegaita\/wp-content\/uploads\/2021\/11\/la-misa-de-gaita-en-el-xxii-festival-de-musica-antigua-de-gijon-12-300x200.jpg 300w, https:\/\/fundacionvaldessalas.es\/misadegaita\/wp-content\/uploads\/2021\/11\/la-misa-de-gaita-en-el-xxii-festival-de-musica-antigua-de-gijon-12-768x513.jpg 768w, https:\/\/fundacionvaldessalas.es\/misadegaita\/wp-content\/uploads\/2021\/11\/la-misa-de-gaita-en-el-xxii-festival-de-musica-antigua-de-gijon-12.jpg 1024w\" sizes=\"(max-width: 300px) 100vw, 300px\" \/><\/p>\n<p align=\"JUSTIFY\">La <i>Misa de gaita<\/i> ha llegado hasta nosotros con una tradici\u00f3n de al menos cuatro siglos a sus espaldas, que se fundamenta en los textos latinos y universales de la Iglesia y en las melod\u00edas lit\u00fargicas del antiguo canto llano que se cantaba en Espa\u00f1a hasta fines del siglo XIX&#8230;<\/p>\n<p><a style=\"color:#fff !important;\" class=\"btn btn-sm\" href=\"http:\/\/fundacionvaldessalas.es\/misadegaita\/que-es\/\">Leer m\u00e1s<\/a><\/p>\n<hr \/>\n<p><img loading=\"lazy\" class=\"alignleft wp-image-818 size-full\" src=\"http:\/\/fundacionvaldessalas.es\/misadegaita\/wp-content\/uploads\/2021\/11\/la-misa-de-gaita-en-el-xxii-festival-de-musica-antigua-de-gijon-04.jpg\" alt=\"\" width=\"1024\" height=\"684\" srcset=\"https:\/\/fundacionvaldessalas.es\/misadegaita\/wp-content\/uploads\/2021\/11\/la-misa-de-gaita-en-el-xxii-festival-de-musica-antigua-de-gijon-04.jpg 1024w, https:\/\/fundacionvaldessalas.es\/misadegaita\/wp-content\/uploads\/2021\/11\/la-misa-de-gaita-en-el-xxii-festival-de-musica-antigua-de-gijon-04-300x200.jpg 300w, https:\/\/fundacionvaldessalas.es\/misadegaita\/wp-content\/uploads\/2021\/11\/la-misa-de-gaita-en-el-xxii-festival-de-musica-antigua-de-gijon-04-768x513.jpg 768w\" sizes=\"(max-width: 1024px) 100vw, 1024px\" \/><\/p>\n<h1 class=\"post-title\">Cantos y partes instrumentales de la Misa<\/h1>\n<p>INTROITO<\/p>\n<p>GLORIA PATRI<\/p>\n<p>KYRIE<\/p>\n<p>GLORIA<\/p>\n<p>CREDO<\/p>\n<p>ENTEMEDIU PARA EL OFERTORIO<\/p>\n<p>SANCTUS<\/p>\n<p>ENTEMEDIU PARA LA CONSAGRACI\u00d3N: \u201cMARCHA REAL\u201d, m\u00e1s recientemente se toca en algunos lugares el HIMNO REGIONAL \u201cAsturias patria querida\u201d<\/p>\n<p>AGNUS DEI<\/p>\n<p>COMUNI\u00d3N: ENTEMEDIU<\/p>\n<p>SALVE REGINA<\/p>\n<p>SALIDA: ENTEMEDIU<\/p>\n<div class=\"card-body p-0\"><a class=\"btn btn-sm\" href=\"http:\/\/fundacionvaldessalas.es\/misadegaita\/cantos-y-partes-instrumentales-de-la-misa\/\">Leer m\u00e1s<\/a><\/div>\n","protected":false},"excerpt":{"rendered":"<p>\u00bfQu\u00e9 es? La Misa de gaita ha llegado hasta nosotros con una tradici\u00f3n de al menos cuatro siglos a sus espaldas, que se fundamenta en los textos latinos y universales de la Iglesia y en las melod\u00edas lit\u00fargicas del antiguo canto llano que se cantaba en Espa\u00f1a hasta fines del siglo XIX&#8230; Leer m\u00e1s Cantos [&hellip;]<\/p>\n","protected":false},"author":1,"featured_media":0,"parent":0,"menu_order":0,"comment_status":"closed","ping_status":"closed","template":"","meta":[],"_links":{"self":[{"href":"https:\/\/fundacionvaldessalas.es\/misadegaita\/wp-json\/wp\/v2\/pages\/859"}],"collection":[{"href":"https:\/\/fundacionvaldessalas.es\/misadegaita\/wp-json\/wp\/v2\/pages"}],"about":[{"href":"https:\/\/fundacionvaldessalas.es\/misadegaita\/wp-json\/wp\/v2\/types\/page"}],"author":[{"embeddable":true,"href":"https:\/\/fundacionvaldessalas.es\/misadegaita\/wp-json\/wp\/v2\/users\/1"}],"replies":[{"embeddable":true,"href":"https:\/\/fundacionvaldessalas.es\/misadegaita\/wp-json\/wp\/v2\/comments?post=859"}],"version-history":[{"count":14,"href":"https:\/\/fundacionvaldessalas.es\/misadegaita\/wp-json\/wp\/v2\/pages\/859\/revisions"}],"predecessor-version":[{"id":889,"href":"https:\/\/fundacionvaldessalas.es\/misadegaita\/wp-json\/wp\/v2\/pages\/859\/revisions\/889"}],"wp:attachment":[{"href":"https:\/\/fundacionvaldessalas.es\/misadegaita\/wp-json\/wp\/v2\/media?parent=859"}],"curies":[{"name":"wp","href":"https:\/\/api.w.org\/{rel}","templated":true}]}}